{"id":1202,"date":"2023-06-30T10:27:04","date_gmt":"2023-06-30T10:27:04","guid":{"rendered":"https:\/\/ailahotelboutique.com\/?page_id=1202"},"modified":"2023-06-30T10:27:26","modified_gmt":"2023-06-30T10:27:26","slug":"condiciones-de-reserva","status":"publish","type":"page","link":"https:\/\/ailahotelboutique.com\/en\/condiciones-de-reserva\/","title":{"rendered":"Condiciones de Reserva"},"content":{"rendered":"<div data-elementor-type=\"wp-page\" data-elementor-id=\"1202\" class=\"elementor elementor-1202\" data-elementor-post-type=\"page\">\n\t\t\t\t\t\t<section class=\"elementor-section elementor-top-section elementor-element elementor-element-2ffde5b7 elementor-section-boxed elementor-section-height-default elementor-section-height-default\" data-id=\"2ffde5b7\" data-element_type=\"section\">\n\t\t\t\t\t\t<div class=\"elementor-container elementor-column-gap-default\">\n\t\t\t\t\t<div class=\"elementor-column elementor-col-100 elementor-top-column elementor-element elementor-element-197aa37d\" data-id=\"197aa37d\" data-element_type=\"column\">\n\t\t\t<div class=\"elementor-widget-wrap elementor-element-populated\">\n\t\t\t\t\t\t<div class=\"elementor-element elementor-element-7b43bed8 elementor-widget elementor-widget-text-editor\" data-id=\"7b43bed8\" data-element_type=\"widget\" data-widget_type=\"text-editor.default\">\n\t\t\t\t<div class=\"elementor-widget-container\">\n\t\t\t<style>\/*! elementor - v3.21.0 - 15-04-2024 *\/\n.elementor-widget-text-editor.elementor-drop-cap-view-stacked .elementor-drop-cap{background-color:#69727d;color:#fff}.elementor-widget-text-editor.elementor-drop-cap-view-framed .elementor-drop-cap{color:#69727d;border:3px solid;background-color:transparent}.elementor-widget-text-editor:not(.elementor-drop-cap-view-default) .elementor-drop-cap{margin-top:8px}.elementor-widget-text-editor:not(.elementor-drop-cap-view-default) .elementor-drop-cap-letter{width:1em;height:1em}.elementor-widget-text-editor .elementor-drop-cap{float:left;text-align:center;line-height:1;font-size:50px}.elementor-widget-text-editor .elementor-drop-cap-letter{display:inline-block}<\/style>\t\t\t\t<!-- wp:heading {\"level\":3} -->\n<h3 class=\"wp-block-heading\">Condiciones generales<\/h3>\n<!-- \/wp:heading -->\n\n<!-- wp:paragraph -->\n<p><strong>CONDICIONES GENERALES DE RESERVA<\/strong><\/p>\n<!-- \/wp:paragraph -->\n\n<!-- wp:paragraph -->\n<p>Las presentes Condiciones Generales de Reserva (en adelante Condiciones Generales) regular\u00e1n la relaci\u00f3n comercial que surja entre ACCOMODATUM GESTION Y SERVICIOS SL y el usuario o cliente por la contrataci\u00f3n realizada a trav\u00e9s de los formularios que ACCOMODATUM GESTION Y SERVICIOS SL pone a su disposici\u00f3n en su https:\/\/www.singularstays.com.&nbsp;<br>La reserva a trav\u00e9s de los sitios web de ACCOMODATUM GESTION Y SERVICIOS SL supondr\u00e1 la aceptaci\u00f3n expresa, por el cliente o usuario de las p\u00e1ginas, de estas condiciones, como tambi\u00e9n de las condiciones de uso establecidas para la navegaci\u00f3n del usuario por las p\u00e1ginas propiedad de ACCOMODATUM GESTION Y SERVICIOS SL.<br>Estas condiciones ser\u00e1n de aplicaci\u00f3n sin perjuicio de la aplicaci\u00f3n de las normas legales sobre la materia que sean de aplicaci\u00f3n para cada caso.<br>Las condiciones Generales de Contrataci\u00f3n regulan la relaci\u00f3n de venta a distancia entre ACCOMODATUM GESTION Y SERVICIOS SL y el usuario o cliente, de acuerdo con las estipulaciones legales, en especial, la Ley 7\/1998, de 13 de abril, sobre Condiciones Generales de Contrataci\u00f3n, la Ley 3\/2014, de 27 de marzo por la que se modifica el texto refundido de la Ley General para la Defensa de los consumidores y Usuarios, La normativa vigente y aplicable en materia de Protecci\u00f3n de Datos de Car\u00e1cter Personal, la Ley 7\/1996, de 15 de enero de Ordenaci\u00f3n del Comercio Minorista, y a la Ley 34\/2002 de 11 de julio, de Servicios de la Sociedad de la Informaci\u00f3n y de Comercio Electr\u00f3nico.<br>ACCOMODATUM GESTION Y SERVICIOS SL se reserva el derecho a realizar las modificaciones que considere oportunas, sin aviso previo, en las Condiciones Generales. Dichas modificaciones podr\u00e1n realizarse, a trav\u00e9s de sus websites, por cualquier forma admisible en derecho y ser\u00e1n de obligado cumplimiento durante el tiempo en que se encuentren publicadas en la web y hasta que no sean modificadas v\u00e1lidamente por otras posteriores. No obstante, ACCOMODATUM GESTION Y SERVICIOS SL se reserva el derecho de aplicar, en determinados casos, unas Condiciones Particulares de Contrataci\u00f3n con preferencia a las presentes Condiciones Generales cuando lo considerara oportuno, anunci\u00e1ndolas en tiempo y forma oportunos.<br>Informaci\u00f3n previa a la reserva<br>ACCOMODATUM GESTION Y SERVICIOS SL informa que el procedimiento de reserva a trav\u00e9s de sus p\u00e1ginas web viene detallado en el apartado correspondiente para la formalizaci\u00f3n de la reserva.<br>Asimismo, ACCOMODATUM GESTION Y SERVICIOS SL informa que el usuario puede tener acceso a las condiciones de uso que dispone en la misma web.<br>Por la reserva con ACCOMODATUM GESTION Y SERVICIOS SL a trav\u00e9s de su website, el usuario o cliente declara expresamente conocer, entender y aceptar dichas condiciones de uso y las Condiciones Generales. Del mismo modo el usuario declara ser mayor de edad y tener la capacidad jur\u00eddica y de obrar necesaria para el acceso a los sitios web de ACCOMODATUM GESTION Y SERVICIOS SL y la contrataci\u00f3n por medio de los mismos. El usuario se hace responsable de tratar confidencial y responsablemente la identidad y contrase\u00f1a obtenidas en el registro como cliente, no pudiendo cederlas a otro.<\/p>\n<!-- \/wp:paragraph -->\n\n<!-- wp:paragraph -->\n<p>FUNCIONAMIENTO DE LA RESERVA<br>Oferta de reservas y referencia de precios.<br>En cumplimiento de la normativa vigente y, en especial de la Ley 34\/2002 de servicios de la sociedad de la informaci\u00f3n y del comercio electr\u00f3nico, ACCOMODATUM GESTION Y SERVICIOS SL ofrece en el apartado correspondiente para la formalizaci\u00f3n de la reserva informaci\u00f3n sobre todas las posibles reservas, sus caracter\u00edsticas y precios. No obstante, ACCOMODATUM GESTION Y SERVICIOS SL se reserva el derecho a retirar, reponer o cambiar las ofertas que se ofrecen a sus clientes a trav\u00e9s de su p\u00e1gina web, mediante el simple cambio en el contenido de las mismas. De esta forma, los productos y\/o servicios ofrecidos en cada momento por la website de ACCOMODATUM GESTION Y SERVICIOS SL se regir\u00e1n por las Condiciones Generales vigentes en cada caso. Asimismo, la empresa tendr\u00e1 la facultad de dejar de ofrecer, sin previo aviso y en cualquier momento, el acceso a los productos y\/o servicios mencionados.<br>Indicaci\u00f3n de los precios.<br>Cada posible reserva ofrecida tendr\u00e1 indicado su precio y si tiene incorporado el IVA o cualquier otro impuesto que, en su caso, sea de aplicaci\u00f3n. Los precios indicados en pantalla ser\u00e1n los vigentes en cada momento salvo error tipogr\u00e1fico. Cuando el precio sea diferente por el motivo anteriormente expuesto, ACCOMODATUM GESTION Y SERVICIOS SL lo comunicar\u00e1 al cliente, v\u00eda e-mail, antes de proceder el cobro de la reserva.<br>Disponibilidad.<br>La disponibilidad de las ofertas ofrecidas por ACCOMODATUM GESTION Y SERVICIOS SL a trav\u00e9s de su p\u00e1gina web puede variar en funci\u00f3n de la demanda de los clientes. Pese a que ACCOMODATUM GESTION Y SERVICIOS SL actualiza la base de datos peri\u00f3dicamente, la reserva solicitada por el cliente podr\u00eda estar completa en ese momento. En tal caso, ACCOMODATUM GESTION Y SERVICIOS SL remitir\u00e1 un e-mail al cliente inform\u00e1ndole de la imposibilidad de la disponibilidad de la oferta.<br>Formas de pago.<br>ACCOMODATUM GESTION Y SERVICIOS SL solicita en las reservas a trav\u00e9s de su p\u00e1gina web los datos de una tarjeta de cr\u00e9dito, titular de reserva, para garantizar la efectividad de la misma.&nbsp;<br>El cliente podr\u00e1 abonar el importe de su servicio optando por cualquiera de las siguientes formas. Durante el proceso de compra deber\u00e1 indicar su elecci\u00f3n<br>&#8211; Tarjeta de cr\u00e9dito VISA o MASTERCARD<br>Todas las operaciones que implican la transmisi\u00f3n de datos personales o bancarios se realizan utilizando un entorno seguro, un servidor basado en la&nbsp; tecnolog\u00eda de seguridad est\u00e1ndar SSL (Secure Sockets Layer). Toda la informaci\u00f3n que nos transmita viaja cifrada a trav\u00e9s de la red.<br>Asimismo los datos sobre su tarjeta de cr\u00e9dito son introducidos directamente en la p\u00e1gina del banco, en el TPV (Terminal Punto de venta del Banco) y no son introducidos ni registrados en ning\u00fan servidor de ACCOMODATUM GESTION Y SERVICIOS SL.<\/p>\n<!-- \/wp:paragraph -->\n\n<!-- wp:paragraph -->\n<p>Al pagar con tarjeta VISA o MASTERCARD se le solicitar\u00e1n siempre los siguientes datos: el n\u00famero de tarjeta, la fecha de caducidad, y un C\u00f3digo de Validaci\u00f3n que coincide con las 3 \u00faltimas cifras del n\u00famero impreso en cursiva en el reverso de su tarjeta VISA o MASTERCARD, ofreciendo, de esta forma, m\u00e1s garant\u00edas acerca de la seguridad de la transacci\u00f3n.<br>Esta forma de pago es v\u00e1lida \u00fanicamente en la web.<br>Cuando el importe de una compra hubiese sido cargado fraudulenta o indebidamente utilizando el n\u00famero de una tarjeta de pago, su titular podr\u00e1 exigir la inmediata anulaci\u00f3n del cargo. En tal caso, las correspondientes anotaciones de adeudo y reabono en las cuentas del proveedor y del titular se efectuar\u00e1n a la mayor brevedad.<br>Sin embargo, si la compra hubiese sido efectivamente realizada por el titular de la tarjeta y la exigencia de devoluci\u00f3n no fuera consecuencia de haberse ejercido el derecho de desistimiento o de resoluci\u00f3n y, por tanto, hubiese exigido indebidamente la anulaci\u00f3n del correspondiente cargo, aquel quedar\u00e1 obligado frente a ACCOMODATUM GESTION Y SERVICIOS SL al resarcimiento de los da\u00f1os y perjuicios ocasionados como consecuencia de dicha anulaci\u00f3n<br>Cancelaci\u00f3n de la reserva.<br>En caso de cancelaci\u00f3n de reserva por parte del cliente, la cancelaci\u00f3n ser\u00e1 gratuita hasta 10 d\u00edas antes de la reserva, es decir, SingularStays cargar\u00e1 1 noche de la reserva, 10 d\u00edas antes de la llegada. Esta penalizaci\u00f3n est\u00e1 detallada en la ficha de cada alojamiento y tambi\u00e9n en el email de confirmaci\u00f3n de reserva. La cancelaci\u00f3n de la reserva deber\u00e1 solicitarse por correo electr\u00f3nico a reservas@singularstays.com&nbsp;&nbsp;&nbsp;&nbsp;&nbsp;<br>Las cancelaciones se comunicar\u00e1n siempre por escrito, mediante e-mail.<br>En el supuesto de que, por fuerzas mayores, el apartamento reservado no est\u00e9 disponible, nuestra empresa le ofrecer\u00e1 un alojamiento de caracter\u00edsticas id\u00e9nticas. Si no se le pudiera ofrecer alternativa, la reserva ser\u00e1 cancelada, y se devolver\u00e1 el importe satisfecho en concepto de reserva.<br>Modificaci\u00f3n de la reserva<br>Los cambios de reservas est\u00e1n siempre sujetos a la disponibilidad y a la capacidad m\u00e1xima de la propiedad en concreto. En caso de que el cambio suponga un aumento del precio de la reserva, se deber\u00e1 abonar dicho aumento.<br>En el caso de que el cambio suponga una reducci\u00f3n del precio de la reserva, para la devoluci\u00f3n de los importes se tratar\u00e1 como una cancelaci\u00f3n. Para modificar una reserva debe enviar un correo electr\u00f3nico a reservas@singularstays.com, adjuntando la copia del email que recibi\u00f3 al confirmar la reserva.<br>Desistimiento.<br>Seg\u00fan lo establecido el art\u00edculo 103 de la Ley 3\/2014, de 27 de marzo por la que se modifica el texto refundido de la Ley General para la Defensa de los consumidores y Usuarios, los suministros de servicios o bienes confeccionado conforme a las especificaciones del consumidor o claramente personalizados, o que, por su naturaleza, no puedan ser devueltos o puedan deteriorarse o caducar con rapidez, est\u00e1n exentos de desistimiento.<\/p>\n<!-- \/wp:paragraph -->\n\n<!-- wp:paragraph -->\n<p><strong>PROTECCI\u00d3N DE DATOS<\/strong><\/p>\n<!-- \/wp:paragraph -->\n\n<!-- wp:paragraph -->\n<p><strong>&nbsp;<\/strong><br>De conformidad con lo establecido en la normativa vigente en Protecci\u00f3n de Datos de Car\u00e1cter Personal, le informamos que sus datos ser\u00e1n incorporados al sistema de tratamiento titularidad de ACCOMODATUM GESTION Y SERVICIOS SL con CIF B98258874 y domicilio social sito en PASAJE DE GINER, 2 46001, VALENCIA, con la finalidad de poder facilitar, agilizar y cumplir los compromisos establecidos entre ambas partes. En cumplimiento con la normativa vigente, ACCOMODATUM GESTION Y SERVICIOS SL informa que los datos ser\u00e1n conservados durante el plazo estrictamente necesario para cumplir con los preceptos mencionados con anterioridad.<br>ACCOMODATUM GESTION Y SERVICIOS SL informa que proceder\u00e1 a tratar los datos de manera l\u00edcita, leal, transparente, adecuada, pertinente, limitada, exacta y actualizada. Es por ello que ACCOMODATUM GESTION Y SERVICIOS SL se compromete a adoptar todas las medidas razonables para que estos se supriman o rectifiquen sin dilaci\u00f3n cuando sean inexactos.<br>De acuerdo con los derechos que le confiere el la normativa vigente en protecci\u00f3n de datos podr\u00e1 ejercer los derechos de acceso, rectificaci\u00f3n, limitaci\u00f3n de tratamiento, supresi\u00f3n, portabilidad y oposici\u00f3n al tratamiento de sus datos de car\u00e1cter personal as\u00ed como del consentimiento prestado para el tratamiento de los mismos, dirigiendo su petici\u00f3n a la direcci\u00f3n postal indicada m\u00e1s arriba o al correo electr\u00f3nico BAJAS@SINGULARSTAYS.COM.&nbsp;<br>Podr\u00e1 dirigirse a la Autoridad de Control competente para presentar la reclamaci\u00f3n que considere oportuna.<br>LEGISLACI\u00d3N Y JURISDICCI\u00d3N APLICABLE<br>Asimismo, ACCOMODATUM GESTION Y SERVICIOS SL se reserva la facultad de presentar las acciones civiles o penales que considere oportunas por la utilizaci\u00f3n indebida de su sitio web y contenidos o por el incumplimiento de las presentes condiciones.<br>La relaci\u00f3n entre el usuario y el prestador se regir\u00e1 por la normativa vigente y de aplicaci\u00f3n en el territorio espa\u00f1ol. De surgir cualquier controversia las partes podr\u00e1n someter sus conflictos a arbitraje o acudir a la jurisdicci\u00f3n ordinaria cumpliendo con las normas sobre jurisdicci\u00f3n y competencia al respecto. ACCOMODATUM GESTION Y SERVICIOS SL tiene su domicilio en VALENCIA, Espa\u00f1a.<\/p>\n<!-- \/wp:paragraph -->\t\t\t\t\t\t<\/div>\n\t\t\t\t<\/div>\n\t\t\t\t\t<\/div>\n\t\t<\/div>\n\t\t\t\t\t<\/div>\n\t\t<\/section>\n\t\t\t\t<\/div>","protected":false},"excerpt":{"rendered":"<p>Condiciones generales CONDICIONES GENERALES DE RESERVA Las presentes Condiciones Generales de Reserva (en adelante Condiciones Generales) regular\u00e1n la relaci\u00f3n comercial que surja entre ACCOMODATUM GESTION Y SERVICIOS SL y el usuario o cliente por la contrataci\u00f3n realizada a trav\u00e9s de los formularios que ACCOMODATUM GESTION Y SERVICIOS SL pone a su disposici\u00f3n en su https:\/\/www.singularstays.com.&nbsp;La [&hellip;]<\/p>","protected":false},"author":2,"featured_media":0,"parent":0,"menu_order":0,"comment_status":"closed","ping_status":"closed","template":"","meta":{"footnotes":""},"class_list":["post-1202","page","type-page","status-publish","hentry"],"yoast_head":"<!-- This site is optimized with the Yoast SEO plugin v20.11 - https:\/\/yoast.com\/wordpress\/plugins\/seo\/ -->\n<title>Condiciones de Reserva - Aila Hotel Boutique en Burjassot Valencia<\/title>\n<meta name=\"robots\" content=\"index, follow, max-snippet:-1, max-image-preview:large, max-video-preview:-1\" \/>\n<link rel=\"canonical\" href=\"https:\/\/ailahotelboutique.com\/en\/condiciones-de-reserva\/\" \/>\n<meta property=\"og:locale\" content=\"en_GB\" \/>\n<meta property=\"og:type\" content=\"article\" \/>\n<meta property=\"og:title\" content=\"Condiciones de Reserva - Aila Hotel Boutique en Burjassot Valencia\" \/>\n<meta property=\"og:description\" content=\"Condiciones generales CONDICIONES GENERALES DE RESERVA Las presentes Condiciones Generales de Reserva (en adelante Condiciones Generales) regular\u00e1n la relaci\u00f3n comercial que surja entre ACCOMODATUM GESTION Y SERVICIOS SL y el usuario o cliente por la contrataci\u00f3n realizada a trav\u00e9s de los formularios que ACCOMODATUM GESTION Y SERVICIOS SL pone a su disposici\u00f3n en su https:\/\/www.singularstays.com.&nbsp;La [&hellip;]\" \/>\n<meta property=\"og:url\" content=\"https:\/\/ailahotelboutique.com\/en\/condiciones-de-reserva\/\" \/>\n<meta property=\"og:site_name\" content=\"Aila Hotel Boutique en Burjassot Valencia\" \/>\n<meta property=\"article:publisher\" content=\"https:\/\/www.facebook.com\/singularstays\/\" \/>\n<meta property=\"article:modified_time\" content=\"2023-06-30T10:27:26+00:00\" \/>\n<meta name=\"twitter:card\" content=\"summary_large_image\" \/>\n<meta name=\"twitter:label1\" content=\"Estimated reading time\" \/>\n\t<meta name=\"twitter:data1\" content=\"10 minutes\" \/>\n<script type=\"application\/ld+json\" class=\"yoast-schema-graph\">{\"@context\":\"https:\/\/schema.org\",\"@graph\":[{\"@type\":\"WebPage\",\"@id\":\"https:\/\/ailahotelboutique.com\/condiciones-de-reserva\/\",\"url\":\"https:\/\/ailahotelboutique.com\/condiciones-de-reserva\/\",\"name\":\"Condiciones de Reserva - Aila Hotel Boutique en Burjassot Valencia\",\"isPartOf\":{\"@id\":\"https:\/\/ailahotelboutique.com\/#website\"},\"datePublished\":\"2023-06-30T10:27:04+00:00\",\"dateModified\":\"2023-06-30T10:27:26+00:00\",\"breadcrumb\":{\"@id\":\"https:\/\/ailahotelboutique.com\/condiciones-de-reserva\/#breadcrumb\"},\"inLanguage\":\"en-GB\",\"potentialAction\":[{\"@type\":\"ReadAction\",\"target\":[\"https:\/\/ailahotelboutique.com\/condiciones-de-reserva\/\"]}]},{\"@type\":\"BreadcrumbList\",\"@id\":\"https:\/\/ailahotelboutique.com\/condiciones-de-reserva\/#breadcrumb\",\"itemListElement\":[{\"@type\":\"ListItem\",\"position\":1,\"name\":\"Home\",\"item\":\"https:\/\/ailahotelboutique.com\/\"},{\"@type\":\"ListItem\",\"position\":2,\"name\":\"Condiciones de Reserva\"}]},{\"@type\":\"WebSite\",\"@id\":\"https:\/\/ailahotelboutique.com\/#website\",\"url\":\"https:\/\/ailahotelboutique.com\/\",\"name\":\"Aila Hotel Boutique en Burjassot Valencia\",\"description\":\"Reserva tu pr\u00f3xima estancia en Valencia con el Hotel Boutique Aila, en Burjassot, muy cerca de Valencia, Campus Universitario y Feria de Valencia \u00a1Te esperamos!\",\"publisher\":{\"@id\":\"https:\/\/ailahotelboutique.com\/#organization\"},\"potentialAction\":[{\"@type\":\"SearchAction\",\"target\":{\"@type\":\"EntryPoint\",\"urlTemplate\":\"https:\/\/ailahotelboutique.com\/?s={search_term_string}\"},\"query-input\":\"required name=search_term_string\"}],\"inLanguage\":\"en-GB\"},{\"@type\":\"Organization\",\"@id\":\"https:\/\/ailahotelboutique.com\/#organization\",\"name\":\"Aila Hotel Boutique en Burjassot Valencia\",\"url\":\"https:\/\/ailahotelboutique.com\/\",\"logo\":{\"@type\":\"ImageObject\",\"inLanguage\":\"en-GB\",\"@id\":\"https:\/\/ailahotelboutique.com\/#\/schema\/logo\/image\/\",\"url\":\"https:\/\/ailahotelboutique.com\/wp-content\/uploads\/2023\/03\/aila_logo_negro-1.png\",\"contentUrl\":\"https:\/\/ailahotelboutique.com\/wp-content\/uploads\/2023\/03\/aila_logo_negro-1.png\",\"width\":1537,\"height\":666,\"caption\":\"Aila Hotel Boutique en Burjassot Valencia\"},\"image\":{\"@id\":\"https:\/\/ailahotelboutique.com\/#\/schema\/logo\/image\/\"},\"sameAs\":[\"https:\/\/www.facebook.com\/singularstays\/\",\"https:\/\/www.instagram.com\/singularstays\/\"]}]}<\/script>\n<!-- \/ Yoast SEO plugin. -->","yoast_head_json":{"title":"Condiciones de Reserva - Aila Hotel Boutique en Burjassot Valencia","robots":{"index":"index","follow":"follow","max-snippet":"max-snippet:-1","max-image-preview":"max-image-preview:large","max-video-preview":"max-video-preview:-1"},"canonical":"https:\/\/ailahotelboutique.com\/en\/condiciones-de-reserva\/","og_locale":"en_GB","og_type":"article","og_title":"Condiciones de Reserva - Aila Hotel Boutique en Burjassot Valencia","og_description":"Condiciones generales CONDICIONES GENERALES DE RESERVA Las presentes Condiciones Generales de Reserva (en adelante Condiciones Generales) regular\u00e1n la relaci\u00f3n comercial que surja entre ACCOMODATUM GESTION Y SERVICIOS SL y el usuario o cliente por la contrataci\u00f3n realizada a trav\u00e9s de los formularios que ACCOMODATUM GESTION Y SERVICIOS SL pone a su disposici\u00f3n en su https:\/\/www.singularstays.com.&nbsp;La [&hellip;]","og_url":"https:\/\/ailahotelboutique.com\/en\/condiciones-de-reserva\/","og_site_name":"Aila Hotel Boutique en Burjassot Valencia","article_publisher":"https:\/\/www.facebook.com\/singularstays\/","article_modified_time":"2023-06-30T10:27:26+00:00","twitter_card":"summary_large_image","twitter_misc":{"Estimated reading time":"10 minutes"},"schema":{"@context":"https:\/\/schema.org","@graph":[{"@type":"WebPage","@id":"https:\/\/ailahotelboutique.com\/condiciones-de-reserva\/","url":"https:\/\/ailahotelboutique.com\/condiciones-de-reserva\/","name":"Condiciones de Reserva - Aila Hotel Boutique en Burjassot Valencia","isPartOf":{"@id":"https:\/\/ailahotelboutique.com\/#website"},"datePublished":"2023-06-30T10:27:04+00:00","dateModified":"2023-06-30T10:27:26+00:00","breadcrumb":{"@id":"https:\/\/ailahotelboutique.com\/condiciones-de-reserva\/#breadcrumb"},"inLanguage":"en-GB","potentialAction":[{"@type":"ReadAction","target":["https:\/\/ailahotelboutique.com\/condiciones-de-reserva\/"]}]},{"@type":"BreadcrumbList","@id":"https:\/\/ailahotelboutique.com\/condiciones-de-reserva\/#breadcrumb","itemListElement":[{"@type":"ListItem","position":1,"name":"Home","item":"https:\/\/ailahotelboutique.com\/"},{"@type":"ListItem","position":2,"name":"Condiciones de Reserva"}]},{"@type":"WebSite","@id":"https:\/\/ailahotelboutique.com\/#website","url":"https:\/\/ailahotelboutique.com\/","name":"Aila Hotel Boutique en Burjassot Valencia","description":"Reserva tu pr\u00f3xima estancia en Valencia con el Hotel Boutique Aila, en Burjassot, muy cerca de Valencia, Campus Universitario y Feria de Valencia \u00a1Te esperamos!","publisher":{"@id":"https:\/\/ailahotelboutique.com\/#organization"},"potentialAction":[{"@type":"SearchAction","target":{"@type":"EntryPoint","urlTemplate":"https:\/\/ailahotelboutique.com\/?s={search_term_string}"},"query-input":"required name=search_term_string"}],"inLanguage":"en-GB"},{"@type":"Organization","@id":"https:\/\/ailahotelboutique.com\/#organization","name":"Aila Hotel Boutique en Burjassot Valencia","url":"https:\/\/ailahotelboutique.com\/","logo":{"@type":"ImageObject","inLanguage":"en-GB","@id":"https:\/\/ailahotelboutique.com\/#\/schema\/logo\/image\/","url":"https:\/\/ailahotelboutique.com\/wp-content\/uploads\/2023\/03\/aila_logo_negro-1.png","contentUrl":"https:\/\/ailahotelboutique.com\/wp-content\/uploads\/2023\/03\/aila_logo_negro-1.png","width":1537,"height":666,"caption":"Aila Hotel Boutique en Burjassot Valencia"},"image":{"@id":"https:\/\/ailahotelboutique.com\/#\/schema\/logo\/image\/"},"sameAs":["https:\/\/www.facebook.com\/singularstays\/","https:\/\/www.instagram.com\/singularstays\/"]}]}},"_links":{"self":[{"href":"https:\/\/ailahotelboutique.com\/en\/wp-json\/wp\/v2\/pages\/1202","targetHints":{"allow":["GET"]}}],"collection":[{"href":"https:\/\/ailahotelboutique.com\/en\/wp-json\/wp\/v2\/pages"}],"about":[{"href":"https:\/\/ailahotelboutique.com\/en\/wp-json\/wp\/v2\/types\/page"}],"author":[{"embeddable":true,"href":"https:\/\/ailahotelboutique.com\/en\/wp-json\/wp\/v2\/users\/2"}],"replies":[{"embeddable":true,"href":"https:\/\/ailahotelboutique.com\/en\/wp-json\/wp\/v2\/comments?post=1202"}],"version-history":[{"count":5,"href":"https:\/\/ailahotelboutique.com\/en\/wp-json\/wp\/v2\/pages\/1202\/revisions"}],"predecessor-version":[{"id":1207,"href":"https:\/\/ailahotelboutique.com\/en\/wp-json\/wp\/v2\/pages\/1202\/revisions\/1207"}],"wp:attachment":[{"href":"https:\/\/ailahotelboutique.com\/en\/wp-json\/wp\/v2\/media?parent=1202"}],"curies":[{"name":"wp","href":"https:\/\/api.w.org\/{rel}","templated":true}]}}